{"id":309,"date":"2017-07-31T07:12:10","date_gmt":"2017-07-31T07:12:10","guid":{"rendered":"https:\/\/grupolyandji.com\/?page_id=309"},"modified":"2023-08-17T13:05:52","modified_gmt":"2023-08-17T13:05:52","slug":"seguranca-electronica-angola","status":"publish","type":"page","link":"https:\/\/grupolyandji.com\/en\/","title":{"rendered":"In\u00edcio"},"content":{"rendered":"<p><\/p>\n<p>[vc_row][vc_column][rev_slider_vc alias=&#8221;slider-4&#8243; el_class=&#8221;mg-bottom-0&#8243;][\/vc_column][\/vc_row][vc_row bg_overlay_mode=&#8221;color&#8221; bg_overlay_color=&#8221;rgba(252,252,252,0.95)&#8221; css=&#8221;.vc_custom_1563279164489{background-image: url(https:\/\/grupolyandji.com\/wp-content\/uploads\/2019\/07\/GEDS-871.jpg?id=2393) !important;background-position: center !important;background-repeat: no-repeat !important;background-size: cover !important;}&#8221;][vc_column][gsf_space desktop=&#8221;100&#8243; tablet=&#8221;80&#8243; tablet_portrait=&#8221;70&#8243; mobile_landscape=&#8221;60&#8243; mobile=&#8221;60&#8243;][\/vc_column][vc_column width=&#8221;1\/3&#8243; offset=&#8221;vc_col-md-offset-1&#8243;][vc_column_text]<\/p>\n<h1 class=\"gsf-accent-text fs-60 mg-top-0 mg-bottom-0\" style=\"line-height: 1;\"><span style=\"color: #273874;\"><a style=\"color: #273874;\" href=\"#\">+ 12<\/a><\/span><\/h1>\n<h5 class=\"gsf-accent-text fs-16 fw-normal mg-top-0 mg-bottom-0\">Years of experience<\/h5>\n<h4 class=\"primary-font fs-40\" style=\"line-height: 1.125; margin-top: 13px; letter-spacing: 0.02em;\"><span style=\"color: #000000;\">We work with Quality<br \/>\n<\/span><\/h4>\n<h4 class=\"primary-font fs-40\" style=\"line-height: 1.125; margin-top: 13px; letter-spacing: 0.02em;\"><span class=\"fw-light\" style=\"color: #000000;\">Knowledge &amp; Experience<\/span><\/h4>\n<p>[\/vc_column_text][\/vc_column][vc_column width=&#8221;7\/12&#8243; offset=&#8221;vc_col-md-6&#8243;][vc_column_text css=&#8221;.vc_custom_1692275327564{margin-bottom: 45px !important;}&#8221;]<\/p>\n<div class=\"page\" title=\"Page 4\">\n<div class=\"section\">\n<div class=\"layoutArea\">\n<div class=\"column\">\n<p><strong><a href=\"#\">Grupo Lyandji <\/a><\/strong> Provision of Services is a company with a presence in the market for over 10 years with the purpose of immediately offering solid solutions of high quality standards.<\/p>\n<p>It presents itself as a company oriented towards the full satisfaction of its customers, therefore focusing on the points that constitute the main concerns and duties, adding value in relation to cost and benefit with an honest, transparent and competent service..<\/p>\n<p>From the portfolio of services available to provide to our customers, we highlight:<\/p>\n<ul>\n<li><span style=\"color: #273874;\"><a style=\"color: #273874;\" href=\"#\"><strong>Construction<\/strong><b>Civil<\/b><\/a><\/span><\/li>\n<li><span style=\"color: #273874;\"><a style=\"color: #273874;\" href=\"#\"><strong>Telecommunications<\/strong><\/a><\/span><\/li>\n<li><span style=\"color: #273874;\"><a style=\"color: #273874;\" href=\"#\"><strong>Computing<\/strong><\/a><\/span><\/li>\n<\/ul>\n<\/div>\n<\/div>\n<\/div>\n<\/div>\n<p>[\/vc_column_text][\/vc_column][vc_column][gsf_space desktop=&#8221;71&#8243; tablet=&#8221;50&#8243; tablet_portrait=&#8221;40&#8243; mobile_landscape=&#8221;30&#8243; mobile=&#8221;30&#8243;][gsf_slider_container nav=&#8221;&#8221; autoplay=&#8221;on&#8221; autoplay_timeout=&#8221;4000&#8243; columns=&#8221;3&#8243; columns_md=&#8221;3&#8243; columns_sm=&#8221;2&#8243; columns_xs=&#8221;1&#8243; columns_mb=&#8221;1&#8243;][gsf_feature_box image=&#8221;2309&#8243; text_align=&#8221;text-left&#8221; link=&#8221;|||&#8221; feature_images=&#8221;108&#8243; title=&#8221;Mission&#8221;]<\/p>\n<div class=\"page\" title=\"Page 6\">\n<div class=\"section\">\n<div class=\"layoutArea\">\n<div class=\"column\">\n<p><strong>GRUPO LYANDJI, LDT <\/strong><br \/>\nexists to meet the needs of our customers with our Services and Products, guaranteeing them a higher quality of business and contribution in the Social Area.<\/div>\n<\/div>\n<\/div>\n<\/div>\n<p>[\/gsf_feature_box][gsf_feature_box image=&#8221;2308&#8243; text_align=&#8221;text-left&#8221; link=&#8221;url:%23|||&#8221; feature_images=&#8221;127&#8243; title=&#8221;Vision&#8221;]<\/p>\n<div class=\"page\" title=\"Page 6\">\n<div class=\"section\">\n<div class=\"layoutArea\">\n<div class=\"column\">\n<p>To be among the best companies in the <strong>Ramo, <\/strong>being a reference in excellence in products and services with quality and competitive prices.<\/div>\n<\/div>\n<\/div>\n<\/div>\n<p>[\/gsf_feature_box][gsf_feature_box image=&#8221;2307&#8243; text_align=&#8221;text-left&#8221; link=&#8221;url:%23|||&#8221; feature_images=&#8221;417&#8243; title=&#8221;Values&#8221;]<\/p>\n<div class=\"page\" title=\"Page 6\">\n<div class=\"section\">\n<div class=\"layoutArea\">\n<div class=\"column\">\n<p><strong>Responsibility; Integrity; Resilience; Collaboration and Quality.<\/strong><\/div>\n<\/div>\n<\/div>\n<\/div>\n<p>[\/gsf_feature_box][\/gsf_slider_container][gsf_space desktop=&#8221;71&#8243; tablet=&#8221;50&#8243; tablet_portrait=&#8221;40&#8243; mobile_landscape=&#8221;30&#8243; mobile=&#8221;30&#8243;][\/vc_column][vc_column][vc_row_inner][vc_column_inner width=&#8221;1\/2&#8243; offset=&#8221;vc_col-md-3&#8243;][gsf_counter icon_font=&#8221;flaticon-broker&#8221; start=&#8221;100&#8243; end=&#8221;1200&#8243; decimals=&#8221;&#8221; separator=&#8221;&#8221; decimal=&#8221;&#8221; title=&#8221;Satisfied Customers&#8221;][\/vc_column_inner][vc_column_inner el_class=&#8221;xs-mg-top-20&#8243; width=&#8221;1\/2&#8243; offset=&#8221;vc_col-md-3&#8243;][gsf_counter icon_font=&#8221;flaticon-house-10&#8243; start=&#8221;10&#8243; end=&#8221;10&#8243; separator=&#8221;&#8221; decimal=&#8221;&#8221; suffix=&#8221;+&#8221; title=&#8221;Years of experience&#8221;][\/vc_column_inner][vc_column_inner el_class=&#8221;xs-mg-top-20,sm-mg-top-30&#8243; width=&#8221;1\/2&#8243; offset=&#8221;vc_col-md-3&#8243;][gsf_counter icon_font=&#8221;flaticon-engineer-1&#8243; start=&#8221;100&#8243; end=&#8221;60&#8243; separator=&#8221;&#8221; decimal=&#8221;&#8221; suffix=&#8221;+&#8221; title=&#8221;Collaborators&#8221;][\/vc_column_inner][vc_column_inner el_class=&#8221;xs-mg-top-20,sm-mg-top-30&#8243; width=&#8221;1\/2&#8243; offset=&#8221;vc_col-md-3&#8243;][gsf_counter icon_font=&#8221;flaticon-helmet-1&#8243; start=&#8221;100&#8243; end=&#8221;125&#8243; separator=&#8221;&#8221; decimal=&#8221;&#8221; suffix=&#8221;+&#8221; title=&#8221;Completed Projects&#8221;][\/vc_column_inner][\/vc_row_inner][gsf_space desktop=&#8221;71&#8243; tablet=&#8221;50&#8243; tablet_portrait=&#8221;40&#8243; mobile_landscape=&#8221;30&#8243; mobile=&#8221;30&#8243;][\/vc_column][\/vc_row][vc_row color_skin=&#8221;skin-dark&#8221; parallax=&#8221;content-moving&#8221; bg_overlay_mode=&#8221;color&#8221; bg_overlay_color=&#8221;rgba(0,0,0,0.8)&#8221; css=&#8221;.vc_custom_1560625471304{background-color: #ffffff !important;background-position: center;background-repeat: no-repeat !important;background-size: cover !important;}&#8221;][vc_column][gsf_space desktop=&#8221;90&#8243; tablet=&#8221;70&#8243; tablet_portrait=&#8221;60&#8243; mobile_landscape=&#8221;60&#8243; mobile=&#8221;60&#8243;][gsf_heading sub_title=&#8221;&#8221; local_subtitle=&#8221;subtitle-bottom&#8221; text_align=&#8221;text-center&#8221; title=&#8221;Certificates of RubyBuild&#8221;]<span class=\"accent-color\" style=\"color: #ffffff;\"><span style=\"text-transform: uppercase;\"><b>WHAT WE\u00a0 <\/b><\/span>DO ?<\/span><\/p>\n<p>Focus on the points that constitute the main concerns and duties[\/gsf_heading][gsf_slider_container dots=&#8221;on&#8221; nav=&#8221;&#8221; columns=&#8221;4&#8243; columns_md=&#8221;4&#8243; columns_sm=&#8221;2&#8243; columns_xs=&#8221;1&#8243; columns_mb=&#8221;1&#8243; css_animation=&#8221;bottom-to-top&#8221; css=&#8221;.vc_custom_1612198588289{margin-top: 50px !important;}&#8221;][gsf_icon_box icon_font=&#8221;fa fa-building-o&#8221; title=&#8221;RETALHO&#8221; description=&#8221;ERP DYNAMICS; SOLU\u00c7\u00d5ES DE CART\u00d5ES DE FIDELIZA\u00c7\u00c3O; INTERFACES PARA SOLU\u00c7\u00d5ES DE FRENTE LOJA; SOLU\u00c7\u00d5ES DE SEGURAN\u00c7AS E CONTROLO DE ACESSO&#8221; box_shadow_hover=&#8221;true&#8221; link=&#8221;url:https%3A%2F%2Fgrupolyandji.com%2Fvideo-vigilancia%2F|||&#8221;][gsf_icon_box icon_font=&#8221;fa fa-share-alt&#8221; title=&#8221;NEG\u00d3CIO&#8221; description=&#8221;GEST\u00c3O DOCUMENTAL; PORTAIS DE INTERNET E INTRANET; GEST\u00c3O DE FILAS DE ESPERA; MICROSOFT DYNAMICS; ERP RECURSOS HUMANOS; CONTACT CENTER;&#8221; box_shadow_hover=&#8221;true&#8221; link=&#8221;url:%23|||&#8221;][gsf_icon_box icon_font=&#8221;fa fa-laptop&#8221; title=&#8221;NEG\u00d3CIO&#8221; description=&#8221;BUSINESS INTELIGENCE (POWER BI); SOCIAL MIDEAS; GEST\u00c3O DE MANUTEN\u00c7\u00d5ES; IDENTITY MANAGEMENT (MICROSOFT MIM); MICROSOFT OFFICE 365&#8243; box_shadow_hover=&#8221;true&#8221; link=&#8221;url:%23|||&#8221;][gsf_icon_box icon_font=&#8221;fa fa-object-group&#8221; title=&#8221;REDE ESTRUTURADA&#8221; description=&#8221;IMPLEMENTA\u00c7\u00c3O DE REDES DE CABLAGEM ESTRUTURADA E DE ENERGIA SOCORRIDA PARA DAR SUPORTE F\u00cdSICO DA INFRAESTRUTURA DE IT, PERMITINDO A INTERLIGA\u00c7\u00c3O.&#8221; box_shadow_hover=&#8221;true&#8221; link=&#8221;url:%23|||&#8221;][gsf_icon_box icon_font=&#8221;fa fa-laptop&#8221; title=&#8221;SERVI\u00c7O DE SUPORTE&#8221; description=&#8221;GEST\u00c3O E EXECU\u00c7\u00c3O DE GARANTIAS; OUTSOURCHING E RECURSOS; CONSULTORIA; VIRTUALIZA\u00c7\u00c3O; ARQUITECTURA DE SOLU\u00c7\u00d5ES; INSTALA\u00c7\u00c3O E CONFIGUARA\u00c7\u00c3O SOLU\u00c7\u00d5ES MFT.&#8221; box_shadow_hover=&#8221;true&#8221; link=&#8221;url:%23|||&#8221;][gsf_icon_box icon_font=&#8221;fa fa-laptop&#8221; title=&#8221;SERVI\u00c7OS CONTINUADOS&#8221; description=&#8221;SERVI\u00c7OS DE OPERA\u00c7\u00c3O &amp; ADMINISTRA\u00c7\u00c3O (SISTEMA NETWORKING); SERVI\u00c7O DE SUPORTE E MANUTEN\u00c7\u00c3O; SERVI\u00c7O DE SEGURAN\u00c7A (ACTIVA E PASSIVA); SERVI\u00c7OS CUSTUMIZADO E ESPECIF\u00cdCO AO CLIENTE.&#8221; box_shadow_hover=&#8221;true&#8221; link=&#8221;url:%23|||&#8221;][vc_empty_space][\/gsf_slider_container][vc_empty_space][\/vc_column][\/vc_row][vc_row color_skin=&#8221;skin-dark&#8221; parallax=&#8221;content-moving&#8221; bg_overlay_mode=&#8221;color&#8221; bg_overlay_color=&#8221;rgba(0,0,0,0.8)&#8221; css=&#8221;.vc_custom_1560625471304{background-color: #ffffff !important;background-position: center;background-repeat: no-repeat;background-size: cover !important;}&#8221;][vc_column][gsf_slider_container dots=&#8221;on&#8221; nav=&#8221;&#8221; columns=&#8221;4&#8243; columns_md=&#8221;4&#8243; columns_sm=&#8221;2&#8243; columns_xs=&#8221;1&#8243; columns_mb=&#8221;1&#8243; css_animation=&#8221;bottom-to-top&#8221; css=&#8221;.vc_custom_1612198588289{margin-top: 50px !important;}&#8221;][gsf_icon_box icon_font=&#8221;fa fa-building-o&#8221; title=&#8221;DATA CENTER&#8221; description=&#8221;A CONSTRU\u00c7\u00c3O DE UM DATACENTER REQUER UMA INTEGRA\u00c7\u00c3O DE VARIOS PRODUCTOS. TEMOS KNOW HOW PARA: FAZER PROJECTO GLOBAL PARA DATACENTER&#8221; box_shadow_hover=&#8221;true&#8221; link=&#8221;url:https%3A%2F%2Fgrupolyandji.com%2Fvideo-vigilancia%2F|||&#8221;][gsf_icon_box icon_font=&#8221;fa fa-share-alt&#8221; title=&#8221;DATA CENTER&#8221; description=&#8221;CONSTRUIR SALAS COFRE COM RESIST\u00caNCIA INC\u00caNDIO; IMPLEMENTAR SISTEMA DE ENERGIA; IMPLEMENTAR SISTEMA DE CLIMATIZA\u00c7\u00c3O E CONTROLO DE HUMIDADE&#8221; box_shadow_hover=&#8221;true&#8221; link=&#8221;url:%23|||&#8221;][gsf_icon_box icon_font=&#8221;fa fa-rss-square&#8221; title=&#8221;SISTEMA DE CCTV&#8221; description=&#8221;V\u00cdDEO VIGIL\u00c2NCIA; CONTROLO DE ACESSOS; VIGIL\u00c2NCIA PERIMETRAL; SISTEMA ANTI -INTRUSAL; GEST\u00c3O DE PATRULHA; CENTRO DE CONTROLO DE SEGURAN\u00c7A&#8221; box_shadow_hover=&#8221;true&#8221; link=&#8221;url:%23|||&#8221;][gsf_icon_box icon_font=&#8221;fa fa-object-group&#8221; title=&#8221;INFRAESTRUTURA DE IT&#8221; description=&#8221;DESENHOS DE ARQUITECTURA DE SISTEMA; SOLU\u00c7\u00d5ES CORE INTERPRISE (SERVIDORES, STORAGE, SISTEMA COVERGENTE E HYPERCOVERGENTE, DESKTOP E PERISF\u00c9RICO)&#8221; box_shadow_hover=&#8221;true&#8221; link=&#8221;url:%23|||&#8221;][gsf_icon_box icon_font=&#8221;fa fa-laptop&#8221; title=&#8221;DATA CENTER&#8221; description=&#8221;IMPLEMENTA\u00c7\u00c3O SISTEMA DE DETEC\u00c7\u00c3O E EXTIN\u00c7\u00c3O DE INC\u00caNDIOS; IMPLEMENTAR BASTIDORIOS E ACESS\u00d3RIOS; IMPLEMENTAR SISTEMA DE GEST\u00c3O E MONITORIZA\u00c7\u00c3O.&#8221; box_shadow_hover=&#8221;true&#8221; link=&#8221;url:%23|||&#8221;][gsf_icon_box icon_font=&#8221;fa fa-laptop&#8221; title=&#8221;DATA CENTER&#8221; description=&#8221;SECURITY (ACCESS CONTROL AND VIDEO SURVEILLANCE) PARTNER APC CERTIFICATION&#8221; box_shadow_hover=&#8221;true&#8221; link=&#8221;url:%23|||&#8221;][vc_empty_space][vc_empty_space][\/gsf_slider_container][vc_empty_space][\/vc_column][\/vc_row][vc_row color_skin=&#8221;skin-dark&#8221; content_width=&#8221;full&#8221; css=&#8221;.vc_custom_1612193896198{background-color: #273874 !important;}&#8221;][vc_column][\/vc_column][\/vc_row][vc_row container_width=&#8221;limit&#8221;][vc_column][vc_gallery type=&#8221;flexslider_slide&#8221; interval=&#8221;5&#8243; images=&#8221;2732,2733&#8243; img_size=&#8221;800X400&#8243;][gsf_space desktop=&#8221;73&#8243; tablet=&#8221;60&#8243; tablet_portrait=&#8221;60&#8243; mobile_landscape=&#8221;50&#8243; mobile=&#8221;50&#8243;][\/vc_column][\/vc_row][vc_row el_class=&#8221;lg-mg-240,md-mg-100,xs-mg-50,position-relative,top-neg-130,z-index-2&#8243; css=&#8221;.vc_custom_1692188022555{border-top-width: 20px !important;border-right-width: 20px !important;border-bottom-width: 20px !important;border-left-width: 20px !important;background-color: #444dc9 !important;border-left-color: #ffffff !important;border-left-style: solid !important;border-right-color: #ffffff !important;border-right-style: solid !important;border-top-color: #ffffff !important;border-top-style: solid !important;border-bottom-color: #ffffff !important;border-bottom-style: solid !important;}&#8221;][vc_column][gsf_space desktop=&#8221;73&#8243; tablet=&#8221;60&#8243; tablet_portrait=&#8221;60&#8243; mobile_landscape=&#8221;50&#8243; mobile=&#8221;50&#8243;][vc_single_image image=&#8221;2743&#8243; img_size=&#8221;1200&#215;900&#8243; alignment=&#8221;center&#8221; style=&#8221;vc_box_border&#8221;][\/vc_column][\/vc_row][vc_row el_class=&#8221;position-relative,top-neg-60&#8243;][vc_column][gsf_heading sub_title=&#8221;ALWAYS STAY UPDATED&#8221; local_subtitle=&#8221;subtitle-bottom&#8221; text_align=&#8221;text-center&#8221; css=&#8221;.vc_custom_1692275663958{margin-bottom: 45px !important;}&#8221;]<span class=\"accent-color\"><span style=\"color: #666666;\"><span style=\"text-transform: uppercase;\"><b>projects <\/b><\/span><\/span>GRUPO LYANDJI<\/span>[\/gsf_heading][gsf_projects portfolio_per_page=&#8221;6&#8243; portfolio_animation=&#8221;&#8221;][gsf_space desktop=&#8221;73&#8243; tablet=&#8221;60&#8243; tablet_portrait=&#8221;60&#8243; mobile_landscape=&#8221;50&#8243; mobile=&#8221;50&#8243;][\/vc_column][\/vc_row][vc_row][vc_column][\/vc_column][\/vc_row]<\/p>\n<p><\/p>","protected":false},"excerpt":{"rendered":"<p>[vc_row][vc_column][rev_slider_vc alias=&#8221;slider-4&#8243; el_class=&#8221;mg-bottom-0&#8243;][\/vc_column][\/vc_row][vc_row bg_overlay_mode=&#8221;color&#8221; bg_overlay_color=&#8221;rgba(252,252,252,0.95)&#8221; css=&#8221;.vc_custom_1563279164489{background-image: url(https:\/\/grupolyandji.com\/wp-content\/uploads\/2019\/07\/GEDS-871.jpg?id=2393) !important;background-position: center !important;background-repeat: no-repeat !important;background-size: cover !important;}&#8221;][vc_column][gsf_space desktop=&#8221;100&#8243; tablet=&#8221;80&#8243; tablet_portrait=&#8221;70&#8243; mobile_landscape=&#8221;60&#8243; mobile=&#8221;60&#8243;][\/vc_column][vc_column width=&#8221;1\/3&#8243; offset=&#8221;vc_col-md-offset-1&#8243;][vc_column_text] + 12 Years of experience We work with Quality Knowledge &amp; Experience [\/vc_column_text][\/vc_column][vc_column width=&#8221;7\/12&#8243; offset=&#8221;vc_col-md-6&#8243;][vc_column_text css=&#8221;.vc_custom_1692275327564{margin-bottom: 45px !important;}&#8221;] Grupo Lyandji Provision of Services is a company with a presence in the market for over [&hellip;]<\/p>\n","protected":false},"author":1,"featured_media":0,"parent":0,"menu_order":0,"comment_status":"closed","ping_status":"closed","template":"","meta":{"footnotes":""},"class_list":["post-309","page","type-page","status-publish","hentry"],"_links":{"self":[{"href":"https:\/\/grupolyandji.com\/en\/wp-json\/wp\/v2\/pages\/309","targetHints":{"allow":["GET"]}}],"collection":[{"href":"https:\/\/grupolyandji.com\/en\/wp-json\/wp\/v2\/pages"}],"about":[{"href":"https:\/\/grupolyandji.com\/en\/wp-json\/wp\/v2\/types\/page"}],"author":[{"embeddable":true,"href":"https:\/\/grupolyandji.com\/en\/wp-json\/wp\/v2\/users\/1"}],"replies":[{"embeddable":true,"href":"https:\/\/grupolyandji.com\/en\/wp-json\/wp\/v2\/comments?post=309"}],"version-history":[{"count":143,"href":"https:\/\/grupolyandji.com\/en\/wp-json\/wp\/v2\/pages\/309\/revisions"}],"predecessor-version":[{"id":2746,"href":"https:\/\/grupolyandji.com\/en\/wp-json\/wp\/v2\/pages\/309\/revisions\/2746"}],"wp:attachment":[{"href":"https:\/\/grupolyandji.com\/en\/wp-json\/wp\/v2\/media?parent=309"}],"curies":[{"name":"wp","href":"https:\/\/api.w.org\/{rel}","templated":true}]}}